{"id":59,"date":"2025-07-28T01:39:19","date_gmt":"2025-07-28T01:39:19","guid":{"rendered":"https:\/\/tuhacker.com\/?page_id=59"},"modified":"2025-07-30T04:06:30","modified_gmt":"2025-07-30T04:06:30","slug":"politica-de-cookies","status":"publish","type":"page","link":"https:\/\/tuhacker.com\/en\/politica-de-cookies\/","title":{"rendered":"politica-de-cookies"},"content":{"rendered":"<div data-elementor-type=\"wp-page\" data-elementor-id=\"59\" class=\"elementor elementor-59\">\n\t\t\t\t<div class=\"elementor-element elementor-element-5d2c27c e-flex e-con-boxed e-con e-parent\" data-id=\"5d2c27c\" data-element_type=\"container\" data-e-type=\"container\">\n\t\t\t\t\t<div class=\"e-con-inner\">\n\t\t\t\t<div class=\"elementor-element elementor-element-34a4e51 elementor-widget elementor-widget-html\" data-id=\"34a4e51\" data-element_type=\"widget\" data-e-type=\"widget\" data-widget_type=\"html.default\">\n\t\t\t\t\t<section class=\"th-hacker-block2\" id=\"cookies-thblock\">\r\n  <style>\r\n    #cookies-thblock,\r\n    .th-hacker-block2 {\r\n      font-family: 'Inter', 'Segoe UI', Arial, sans-serif !important;\r\n      background: #000;\r\n      color: #fff;\r\n      padding: 36px 0 28px 0;\r\n      margin: 0 !important;\r\n      position: relative;\r\n      z-index: 0;\r\n      overflow: hidden;\r\n    }\r\n.th-hacker-block2 h1,\r\n.th-hacker-block2 h2,\r\n.th-hacker-block2 h3 {\r\n  position: relative;\r\n  display: block;\r\n  color: #ff0000;\r\n  font-weight: bold;\r\n  margin: 0 0 23px 0;\r\n  padding: 20px 24px 18px 36px;\r\n  background: linear-gradient(90deg, #18181a 93%, transparent 100%);\r\n  border-radius: 0 18px 18px 0;\r\n  letter-spacing: 1px;\r\n  line-height: 1.13;\r\n  box-shadow: 0 2px 28px #ff00002a;\r\n  border-left: 4px solid #ff0000;\r\n  overflow: hidden;\r\n  min-height: 68px;\r\n}\r\n\r\n.th-hacker-block2 h1 { font-size: 2.2rem; }\r\n.th-hacker-block2 h2 { font-size: 1.37rem; padding-top:17px; padding-bottom:15px;}\r\n.th-hacker-block2 h3 { font-size: 1.09rem; padding-top:13px; padding-bottom:11px;}\r\n\r\n    #cookies-thblock h2 {\r\n      font-size: 1.37rem;\r\n      padding-top: 17px;\r\n      padding-bottom: 15px;\r\n    }\r\n    #cookies-thblock h1:before,\r\n    #cookies-thblock h2:before {\r\n      content: '';\r\n      display: block;\r\n      position: absolute;\r\n      left: -4px;\r\n      top: 19px;\r\n      height: 36px;\r\n      width: 4px;\r\n      border-radius: 7px;\r\n      background: linear-gradient(180deg, #ff3030 0%, #ff0000 62%, #ff7272 100%);\r\n      box-shadow: 0 0 13px #ff0000cc, 0 0 2px #fff2;\r\n      animation: hackerLaserAnim 1.4s infinite alternate;\r\n    }\r\n    #cookies-thblock h1:after,\r\n    #cookies-thblock h2:after {\r\n      content: '';\r\n      display: block;\r\n      position: absolute;\r\n      left: 10px;\r\n      top: -14px;\r\n      width: 28px; height: 11px;\r\n      background: url('data:image\/svg+xml;utf8,<svg fill=\"none\" xmlns=\"http:\/\/www.w3.org\/2000\/svg\" viewBox=\"0 0 28 11\"><rect width=\"28\" height=\"6\" y=\"3\" rx=\"3\" fill=\"%23ff0000\"\/><rect x=\"3\" width=\"3\" height=\"11\" rx=\"1.5\" fill=\"%23000\"\/><rect x=\"22\" width=\"3\" height=\"11\" rx=\"1.5\" fill=\"%23000\"\/><\/svg>') no-repeat center\/contain;\r\n      opacity: 0.79;\r\n    }\r\n    #cookies-thblock strong {\r\n      color: #ff0000;\r\n    }\r\n    #cookies-thblock ul, #cookies-thblock ol {\r\n      margin-left: 30px;\r\n      margin-bottom: 18px;\r\n      padding-left: 6px;\r\n      border-left: 2px solid #1a1a1a;\r\n    }\r\n    #cookies-thblock ul li, #cookies-thblock ol li {\r\n      margin-bottom: 7px;\r\n      line-height: 1.72;\r\n      position: relative;\r\n      font-size: 1.05rem;\r\n      background: linear-gradient(90deg,#0a0a0a 0,#131313 90%, transparent 100%);\r\n      padding: 8px 18px 8px 18px;\r\n      border-radius: 4px;\r\n      margin-bottom: 11px;\r\n      box-shadow: inset 4px 0 10px -5px #ff000033;\r\n    }\r\n    #cookies-thblock ul li:before {\r\n      content: '';\r\n      position: absolute;\r\n      left: -16px;\r\n      top: 10px;\r\n      width: 8px; height: 8px;\r\n      background: radial-gradient(circle,#ff0000 60%, transparent 100%);\r\n      border-radius: 50%;\r\n      box-shadow: 0 0 8px #ff000099;\r\n    }\r\n    #cookies-thblock a, #cookies-thblock a:visited {\r\n      color: #ff0000;\r\n      text-decoration: underline;\r\n      transition: color .19s;\r\n      word-break: break-all;\r\n    }\r\n    #cookies-thblock a:hover {\r\n      background: #ff0000;\r\n      color: #000;\r\n      border-radius: 2.5px;\r\n      text-decoration: none;\r\n      padding: 0 2.5px;\r\n    }\r\n    #cookies-thblock p, #cookies-thblock li {\r\n      background: linear-gradient(90deg,#0a0a0a 0,#131313 90%, transparent 100%);\r\n      padding: 8px 18px 8px 18px;\r\n      border-radius: 4px;\r\n      margin-bottom: 11px;\r\n      position: relative;\r\n      box-shadow: inset 4px 0 10px -5px #ff000033;\r\n    }\r\n    #cookies-thblock p:before {\r\n      content: '';\r\n      position: absolute;\r\n      left: 0; top: 50%;\r\n      width: 2px; height: 55%;\r\n      background: linear-gradient(180deg, #ff0000 40%, #d10000 100%);\r\n      border-radius: 2px;\r\n      transform: translateY(-50%);\r\n      opacity: 0.35;\r\n    }\r\n    #cookies-thblock ::selection { background:#ff0000; color:#000; }\r\n    @keyframes hackerLaserAnim {\r\n      0% { box-shadow: 0 0 7px #ff0000bb, 0 0 2px #fff2; }\r\n      100% { box-shadow: 0 0 19px #ff0000, 0 0 9px #ff000066;}\r\n    }\r\n    @media (max-width:700px) {\r\n      #cookies-thblock { padding: 17px 0 12px 0;}\r\n      #cookies-thblock h1 { font-size: 1.18rem;}\r\n      #cookies-thblock h2 { font-size: 1.05rem;}\r\n      #cookies-thblock ul, #cookies-thblock ol { margin-left: 9px;}\r\n    }\r\n  <\/style>\r\n\r\n  <div class=\"hacker-cookies-bloque\">\r\n    <h1>Cookie policy<\/h1>\r\n    <p>This website uses cookies to improve the user experience. Below, we explain what cookies are, how we use them and how you can control them.<\/p>\r\n\r\n    <h2>What are cookies?<\/h2>\r\n    <p>Cookies are small text files that a web site stores on your web browser when you visit. They are used to remember your activity and preferences.<\/p>\r\n\r\n    <h2>What types of cookies do we use?<\/h2>\r\n    <ul>\r\n      <li><strong>Necessary Cookies:<\/strong> allow the basic operation of the site.<\/li>\r\n      <li><strong>Analytical Cookies:<\/strong> allow to analyze the use of the site and improve the content.<\/li>\r\n      <li><strong>We do not use cookies for advertising of third parties without consent.<\/strong><\/li>\r\n    <\/ul>\r\n\r\n    <h2>How can you manage them?<\/h2>\r\n    <p>You can accept, reject, or configure the cookies from your browser. You can also withdraw your consent at any time.<\/p>\r\n\r\n    <h2>Consent<\/h2>\r\n    <p>By continuing to browse our site, you agree to the use of cookies in accordance with this policy.<\/p>\r\n\r\n    <h2>Responsibility<\/h2>\r\n    <p><strong>TuHacker<\/strong> is not responsible for the use that third parties make of the information collected by cookies of analysis or other means. Every interaction with our website is the responsibility of the user.<\/p>\r\n  <\/div>\r\n<\/section>\r\n\t\t\t\t<\/div>\n\t\t\t\t\t<\/div>\n\t\t\t\t<\/div>\n\t\t\t\t<\/div>","protected":false},"excerpt":{"rendered":"<p>Pol\u00edtica de Cookies Este sitio web utiliza cookies para mejorar la experiencia del usuario. A continuaci\u00f3n, explicamos qu\u00e9 son las [&hellip;]<\/p>\n","protected":false},"author":1,"featured_media":0,"parent":0,"menu_order":0,"comment_status":"closed","ping_status":"closed","template":"","meta":{"site-sidebar-layout":"no-sidebar","site-content-layout":"","ast-site-content-layout":"full-width-container","site-content-style":"default","site-sidebar-style":"default","ast-global-header-display":"","ast-banner-title-visibility":"","ast-main-header-display":"","ast-hfb-above-header-display":"","ast-hfb-below-header-display":"","ast-hfb-mobile-header-display":"","site-post-title":"disabled","ast-breadcrumbs-content":"","ast-featured-img":"disabled","footer-sml-layout":"","ast-disable-related-posts":"","theme-transparent-header-meta":"","adv-header-id-meta":"","stick-header-meta":"","header-above-stick-meta":"","header-main-stick-meta":"","header-below-stick-meta":"","astra-migrate-meta-layouts":"default","ast-page-background-enabled":"default","ast-page-background-meta":{"desktop":{"background-color":"var(--ast-global-color-5)","background-image":"","background-repeat":"repeat","background-position":"center center","background-size":"auto","background-attachment":"scroll","background-type":"","background-media":"","overlay-type":"","overlay-color":"","overlay-opacity":"","overlay-gradient":""},"tablet":{"background-color":"","background-image":"","background-repeat":"repeat","background-position":"center center","background-size":"auto","background-attachment":"scroll","background-type":"","background-media":"","overlay-type":"","overlay-color":"","overlay-opacity":"","overlay-gradient":""},"mobile":{"background-color":"","background-image":"","background-repeat":"repeat","background-position":"center center","background-size":"auto","background-attachment":"scroll","background-type":"","background-media":"","overlay-type":"","overlay-color":"","overlay-opacity":"","overlay-gradient":""}},"ast-content-background-meta":{"desktop":{"background-color":"var(--ast-global-color-4)","background-image":"","background-repeat":"repeat","background-position":"center center","background-size":"auto","background-attachment":"scroll","background-type":"","background-media":"","overlay-type":"","overlay-color":"","overlay-opacity":"","overlay-gradient":""},"tablet":{"background-color":"var(--ast-global-color-4)","background-image":"","background-repeat":"repeat","background-position":"center center","background-size":"auto","background-attachment":"scroll","background-type":"","background-media":"","overlay-type":"","overlay-color":"","overlay-opacity":"","overlay-gradient":""},"mobile":{"background-color":"var(--ast-global-color-4)","background-image":"","background-repeat":"repeat","background-position":"center center","background-size":"auto","background-attachment":"scroll","background-type":"","background-media":"","overlay-type":"","overlay-color":"","overlay-opacity":"","overlay-gradient":""}},"footnotes":""},"class_list":["post-59","page","type-page","status-publish","hentry"],"_links":{"self":[{"href":"https:\/\/tuhacker.com\/en\/wp-json\/wp\/v2\/pages\/59","targetHints":{"allow":["GET"]}}],"collection":[{"href":"https:\/\/tuhacker.com\/en\/wp-json\/wp\/v2\/pages"}],"about":[{"href":"https:\/\/tuhacker.com\/en\/wp-json\/wp\/v2\/types\/page"}],"author":[{"embeddable":true,"href":"https:\/\/tuhacker.com\/en\/wp-json\/wp\/v2\/users\/1"}],"replies":[{"embeddable":true,"href":"https:\/\/tuhacker.com\/en\/wp-json\/wp\/v2\/comments?post=59"}],"version-history":[{"count":8,"href":"https:\/\/tuhacker.com\/en\/wp-json\/wp\/v2\/pages\/59\/revisions"}],"predecessor-version":[{"id":647,"href":"https:\/\/tuhacker.com\/en\/wp-json\/wp\/v2\/pages\/59\/revisions\/647"}],"wp:attachment":[{"href":"https:\/\/tuhacker.com\/en\/wp-json\/wp\/v2\/media?parent=59"}],"curies":[{"name":"wp","href":"https:\/\/api.w.org\/{rel}","templated":true}]}}